{"id":3,"date":"2022-08-29T16:25:19","date_gmt":"2022-08-29T16:25:19","guid":{"rendered":"http:\/\/www.1024soluciones.com\/?page_id=3"},"modified":"2022-09-01T08:25:43","modified_gmt":"2022-09-01T08:25:43","slug":"politica-privacidad","status":"publish","type":"page","link":"https:\/\/www.1024soluciones.com\/?page_id=3","title":{"rendered":"Pol\u00edtica de privacidad"},"content":{"rendered":"\n<h2 class=\"wp-block-heading\">Qui\u00e9nes somos<\/h2>\n\n\n\n<p><a href=\"http:\/\/www.1024soluciones.com\" data-type=\"URL\" data-id=\"http:\/\/www.1024soluciones.com\">1024 soluciones<\/a> es una p\u00e1gina web propiedad de Alberto Massa Ach\u00fategui. Para contacto, puedes llamarnos a los n\u00fameros 919 31 31 76 o al 623 40 73 11 (tambi\u00e9n WhatsApp). <\/p>\n\n\n\n<p>Correo electr\u00f3nico: <a href=\"mailto:kitdigital@1024soluciones.com\">kitdigital@1024soluciones.com<\/a> y <a href=\"mailto:bparquecoimbra@beep.es\">bparquecoimbra@beep.es<\/a><\/p>\n\n\n\n<p><\/p>\n","protected":false},"excerpt":{"rendered":"<div class=\"entry-summary\">\nQui\u00e9nes somos 1024 soluciones es una p\u00e1gina web propiedad de Alberto Massa Ach\u00fategui. Para contacto, puedes llamarnos a los n\u00fameros 919 31 31 76 o al 623 40 73 11 (tambi\u00e9n WhatsApp). Correo electr\u00f3nico: kitdigital@1024soluciones.com y bparquecoimbra@beep.es\n<\/div>\n<div class=\"link-more\"><a href=\"https:\/\/www.1024soluciones.com\/?page_id=3\" class=\"more-link\">Seguir leyendo<span class=\"screen-reader-text\"> &ldquo;Pol\u00edtica de privacidad&rdquo;<\/span>&hellip;<\/a><\/div>\n","protected":false},"author":1,"featured_media":0,"parent":0,"menu_order":0,"comment_status":"closed","ping_status":"open","template":"","meta":{"footnotes":""},"class_list":["post-3","page","type-page","status-publish","hentry","entry"],"_links":{"self":[{"href":"https:\/\/www.1024soluciones.com\/index.php?rest_route=\/wp\/v2\/pages\/3","targetHints":{"allow":["GET"]}}],"collection":[{"href":"https:\/\/www.1024soluciones.com\/index.php?rest_route=\/wp\/v2\/pages"}],"about":[{"href":"https:\/\/www.1024soluciones.com\/index.php?rest_route=\/wp\/v2\/types\/page"}],"author":[{"embeddable":true,"href":"https:\/\/www.1024soluciones.com\/index.php?rest_route=\/wp\/v2\/users\/1"}],"replies":[{"embeddable":true,"href":"https:\/\/www.1024soluciones.com\/index.php?rest_route=%2Fwp%2Fv2%2Fcomments&post=3"}],"version-history":[{"count":1,"href":"https:\/\/www.1024soluciones.com\/index.php?rest_route=\/wp\/v2\/pages\/3\/revisions"}],"predecessor-version":[{"id":44,"href":"https:\/\/www.1024soluciones.com\/index.php?rest_route=\/wp\/v2\/pages\/3\/revisions\/44"}],"wp:attachment":[{"href":"https:\/\/www.1024soluciones.com\/index.php?rest_route=%2Fwp%2Fv2%2Fmedia&parent=3"}],"curies":[{"name":"wp","href":"https:\/\/api.w.org\/{rel}","templated":true}]}}