{"id":27,"date":"2022-08-29T16:49:53","date_gmt":"2022-08-29T16:49:53","guid":{"rendered":"https:\/\/www.1024soluciones.com\/?page_id=27"},"modified":"2023-05-12T17:37:33","modified_gmt":"2023-05-12T17:37:33","slug":"que-es-el-programa-kit-digital","status":"publish","type":"page","link":"https:\/\/www.1024soluciones.com\/","title":{"rendered":"\u00bfQU\u00c9 ES EL PROGRAMA KIT DIGITAL?"},"content":{"rendered":"\n<p>Un programa dirigido a pymes y aut\u00f3nomos, del Ministerio de Asuntos Econ\u00f3micos<\/p>\n\n\n\n<p>y Transformaci\u00f3n Digital que te acompa\u00f1a en tu proceso de transformaci\u00f3n digital.<\/p>\n\n\n\n<p>Para que gracias a la tecnolog\u00eda puedas evolucionar y mejorar tu negocio.<\/p>\n\n\n\n<h2 class=\"wp-block-heading\">\u00bfCU\u00c1LES SON LOS REQUISITOS PARA SOLICITAR LA AYUDA?<\/h2>\n\n\n\n<p>Ser una peque\u00f1a empresa, microempresa o aut\u00f3nomo.<\/p>\n\n\n\n<p>Cumplir los l\u00edmites financieros y efectivos que definen las categor\u00edas de empresas.<\/p>\n\n\n\n<p>Estar en situaci\u00f3n de alta y tener la antig\u00fcedad m\u00ednima que se establece por convocatoria.<\/p>\n\n\n\n<p>No tener consideraci\u00f3n de empresa en crisis.<\/p>\n\n\n\n<p>Estar al corriente de las obligaciones tributarias y frente a la Seguridad Social.<\/p>\n\n\n\n<p>No estar sujeta a una orden de recuperaci\u00f3n pendiente de la Comisi\u00f3n Europea que haya declarado una ayuda ilegal e incompatible con el mercado com\u00fan.<\/p>\n\n\n\n<p>No incurrir en ninguna de las prohibiciones previstas en el art\u00edculo 13.2 de la Ley 38\/2003, de &nbsp;17 de noviembre, General de Subvenciones.<\/p>\n\n\n\n<p>No superar el l\u00edmite de ayudas minimis (de peque\u00f1a cuant\u00eda).<\/p>\n\n\n\n<h2 class=\"wp-block-heading\">\u00bfC\u00f3mo podemos ayudarte desde 1024 soluciones?<\/h2>\n\n\n\n<div class=\"wp-block-columns alignfull has-text-color has-background is-layout-flex wp-container-core-columns-is-layout-9d6595d7 wp-block-columns-is-layout-flex\" style=\"color:#000000;background-color:#ffffff\">\n<div class=\"wp-block-column is-layout-flow wp-block-column-is-layout-flow\">\n<h2 class=\"wp-block-heading\" style=\"font-size:24px;line-height:1.3\"><strong><a href=\"https:\/\/es.wordpress.org\"><strong>Sitio web y Presencia b\u00e1sica en internet <\/strong><\/a><strong><a>\u2013 Desde 600\u20ac hasta 2.000\u20ac<\/a><\/strong><\/strong><\/h2>\n\n\n\n<p>Alojamiento web de 25gb<\/p>\n\n\n\n<p>Domino y certificado SSL<\/p>\n\n\n\n<p>Transferencia web ilimitada<\/p>\n\n\n\n<p>Alta de hasta 10 cuentas de correo electr\u00f3nicas<\/p>\n\n\n\n<p>Dise\u00f1o p\u00e1gina web en WordPress con gesti\u00f3n de contenidos aut\u00f3nomos<\/p>\n\n\n\n<p>Fotograf\u00edas personalizadas<\/p>\n<\/div>\n\n\n\n<div class=\"wp-block-column is-layout-flow wp-block-column-is-layout-flow\">\n<h2 class=\"wp-block-heading\" style=\"font-size:24px;line-height:1.3\"><strong><a href=\"https:\/\/es.wordpress.org\"><strong>Gesti\u00f3n de redes sociales \u2013 Desde 600\u20ac hasta 2.500\u20ac<\/strong><\/a><\/strong><\/h2>\n\n\n\n<p>Alta en redes sociales Facebook, Instagram, Google Maps, LinkedIn, WhatsApp Business, &#8230;.<\/p>\n\n\n\n<p>Alta en grupos locales de Facebook<\/p>\n\n\n\n<p>Desde 2 entradas semanales<\/p>\n\n\n\n<p>Monitorizaci\u00f3n de los impactos de las publicaciones<\/p>\n<\/div>\n\n\n\n<div class=\"wp-block-column is-layout-flow wp-block-column-is-layout-flow\">\n<h2 class=\"wp-block-heading\" style=\"font-size:24px;line-height:1.3\"><strong><a href=\"https:\/\/es.wordpress.org\"><strong>Ciberseguridad \u2013 Desde 60\u20ac hasta 125\u20ac por dispositivo<\/strong><\/a><\/strong><\/h2>\n\n\n\n<p>Instalaci\u00f3n y configuraci\u00f3n de soluci\u00f3n antimalware&nbsp; y antispyware<\/p>\n\n\n\n<p>Instalaci\u00f3n y configuraci\u00f3n de soluci\u00f3n Antispam y antiphising.<\/p>\n\n\n\n<p>Chequeo monitorizado en remoto trimestral.<\/p>\n\n\n\n<p>Formaci\u00f3n de concienciaci\u00f3n sobre ciberseguridad<\/p>\n<\/div>\n<\/div>\n\n\n\n<p>Puedes contactar con nosotros a trav\u00e9s de los correos:  <a href=\"mailto:kitdigital@1024soluciones.com\">kitdigital@1024soluciones.com<\/a> y <a href=\"mailto:bparquecoimbra@beep.es\">bparquecoimbra@beep.es<\/a><\/p>\n\n\n\n<hr class=\"wp-block-separator has-alpha-channel-opacity\"\/>\n\n\n\n<figure class=\"wp-block-image size-large is-resized\"><a href=\"https:\/\/www.acelerapyme.gob.es\/kit-digital\" target=\"_blank\" rel=\"noreferrer noopener\"><img loading=\"lazy\" decoding=\"async\" src=\"http:\/\/www.1024soluciones.com\/wp-content\/uploads\/2022\/08\/Logo-digitalizadores-1024x119.png\" alt=\"\" class=\"wp-image-37\" width=\"720\" height=\"83\" srcset=\"https:\/\/www.1024soluciones.com\/wp-content\/uploads\/2022\/08\/Logo-digitalizadores-1024x119.png 1024w, https:\/\/www.1024soluciones.com\/wp-content\/uploads\/2022\/08\/Logo-digitalizadores-300x35.png 300w, https:\/\/www.1024soluciones.com\/wp-content\/uploads\/2022\/08\/Logo-digitalizadores-768x89.png 768w, https:\/\/www.1024soluciones.com\/wp-content\/uploads\/2022\/08\/Logo-digitalizadores-1536x178.png 1536w, https:\/\/www.1024soluciones.com\/wp-content\/uploads\/2022\/08\/Logo-digitalizadores-2048x238.png 2048w\" sizes=\"auto, (max-width: 720px) 100vw, 720px\" \/><\/a><\/figure>\n","protected":false},"excerpt":{"rendered":"<div class=\"entry-summary\">\nUn programa dirigido a pymes y aut\u00f3nomos, del Ministerio de Asuntos Econ\u00f3micos y Transformaci\u00f3n Digital que te acompa\u00f1a en tu proceso de transformaci\u00f3n digital. Para que gracias a la tecnolog\u00eda puedas evolucionar y mejorar tu negocio. \u00bfCU\u00c1LES SON LOS REQUISITOS&hellip;\n<\/div>\n<div class=\"link-more\"><a href=\"https:\/\/www.1024soluciones.com\/\" class=\"more-link\">Seguir leyendo<span class=\"screen-reader-text\"> &ldquo;\u00bfQU\u00c9 ES EL PROGRAMA KIT DIGITAL?&rdquo;<\/span>&hellip;<\/a><\/div>\n","protected":false},"author":1,"featured_media":0,"parent":0,"menu_order":0,"comment_status":"closed","ping_status":"closed","template":"","meta":{"footnotes":""},"class_list":["post-27","page","type-page","status-publish","hentry","entry"],"_links":{"self":[{"href":"https:\/\/www.1024soluciones.com\/index.php?rest_route=\/wp\/v2\/pages\/27","targetHints":{"allow":["GET"]}}],"collection":[{"href":"https:\/\/www.1024soluciones.com\/index.php?rest_route=\/wp\/v2\/pages"}],"about":[{"href":"https:\/\/www.1024soluciones.com\/index.php?rest_route=\/wp\/v2\/types\/page"}],"author":[{"embeddable":true,"href":"https:\/\/www.1024soluciones.com\/index.php?rest_route=\/wp\/v2\/users\/1"}],"replies":[{"embeddable":true,"href":"https:\/\/www.1024soluciones.com\/index.php?rest_route=%2Fwp%2Fv2%2Fcomments&post=27"}],"version-history":[{"count":12,"href":"https:\/\/www.1024soluciones.com\/index.php?rest_route=\/wp\/v2\/pages\/27\/revisions"}],"predecessor-version":[{"id":56,"href":"https:\/\/www.1024soluciones.com\/index.php?rest_route=\/wp\/v2\/pages\/27\/revisions\/56"}],"wp:attachment":[{"href":"https:\/\/www.1024soluciones.com\/index.php?rest_route=%2Fwp%2Fv2%2Fmedia&parent=27"}],"curies":[{"name":"wp","href":"https:\/\/api.w.org\/{rel}","templated":true}]}}